{"id":1229,"date":"2019-12-04T12:57:42","date_gmt":"2019-12-04T12:57:42","guid":{"rendered":"https:\/\/solene.qodeinteractive.com\/?page_id=1229"},"modified":"2022-07-18T17:18:26","modified_gmt":"2022-07-18T17:18:26","slug":"contact","status":"publish","type":"page","link":"https:\/\/aiarmoniaphotography.com\/se\/contact\/","title":{"rendered":"<p>Kontakt<\/p>"},"content":{"rendered":"<div data-elementor-type=\"wp-page\" data-elementor-id=\"1229\" class=\"elementor elementor-1229\">\n\t\t\t\t\t\t\t\t\t<section class=\"elementor-section elementor-top-section elementor-element elementor-element-8d05949 elementor-section-boxed elementor-section-height-default elementor-section-height-default eltdf-parallax-row-no eltdf-content-aligment-left eltdf-elementor-row-grid-no eltdf-disabled-bg-image-bellow-no\" data-id=\"8d05949\" data-element_type=\"section\">\n\t\t\t\t\t\t<div class=\"elementor-container elementor-column-gap-default\">\n\t\t\t\t\t<div class=\"elementor-column elementor-col-100 elementor-top-column elementor-element elementor-element-46e52068\" data-id=\"46e52068\" data-element_type=\"column\">\n\t\t\t<div class=\"elementor-widget-wrap elementor-element-populated\">\n\t\t\t\t\t\t\t\t<div class=\"elementor-element elementor-element-ea35fb5 elementor-widget elementor-widget-google_maps\" data-id=\"ea35fb5\" data-element_type=\"widget\" data-widget_type=\"google_maps.default\">\n\t\t\t\t<div class=\"elementor-widget-container\">\n\t\t\t<style>\/*! elementor - v3.6.5 - 27-04-2022 *\/\n.elementor-widget-google_maps .elementor-widget-container{overflow:hidden}.elementor-widget-google_maps iframe{height:300px}<\/style>\t\t<div class=\"elementor-custom-embed\">\n\t\t\t<iframe frameborder=\"0\" scrolling=\"no\" marginheight=\"0\" marginwidth=\"0\" src=\"https:\/\/maps.google.com\/maps?q=uppsala&amp;t=m&amp;z=8&amp;output=embed&amp;iwloc=near\" title=\"uppsala\" aria-label=\"uppsala\"><\/iframe>\n\t\t<\/div>\n\t\t\t\t<\/div>\n\t\t\t\t<\/div>\n\t\t\t\t<div class=\"elementor-element elementor-element-95f592 elementor-widget elementor-widget-text-editor\" data-id=\"95f592\" data-element_type=\"widget\" data-widget_type=\"text-editor.default\">\n\t\t\t\t<div class=\"elementor-widget-container\">\n\t\t\t<style>\/*! elementor - v3.6.5 - 27-04-2022 *\/\n.elementor-widget-text-editor.elementor-drop-cap-view-stacked .elementor-drop-cap{background-color:#818a91;color:#fff}.elementor-widget-text-editor.elementor-drop-cap-view-framed .elementor-drop-cap{color:#818a91;border:3px solid;background-color:transparent}.elementor-widget-text-editor:not(.elementor-drop-cap-view-default) .elementor-drop-cap{margin-top:8px}.elementor-widget-text-editor:not(.elementor-drop-cap-view-default) .elementor-drop-cap-letter{width:1em;height:1em}.elementor-widget-text-editor .elementor-drop-cap{float:left;text-align:center;line-height:1;font-size:50px}.elementor-widget-text-editor .elementor-drop-cap-letter{display:inline-block}<\/style>\t\t\t\t<div class=\"eltdf-row-grid-section-wrapper eltdf-content-aligment-center\"><div class=\"eltdf-row-grid-section\"><div class=\"vc_row wpb_row vc_row-fluid\"><div class=\"wpb_column vc_column_container vc_col-sm-12\"><div class=\"vc_column-inner\"><div class=\"wpb_wrapper\"><div class=\"eltdf-google-map-holder\">\n\t\t<div class=\"eltdf-google-map\" id=\"eltdf-map-193693\" data-addresses='[\"303 University Ave, Newark, NJ 07102, United States\"]' data-custom-map-style=\"no\" data-color-overlay=\"#393939\" data-saturation=\"-100\" data-lightness=\"-60\" data-zoom=\"12\" data-pin=\"https:\/\/i2.wp.com\/aiarmoniaphotography.com\/wp-content\/uploads\/2020\/01\/pin.png?fit=52%2C65&amp;ssl=1\" data-unique-id=\"193693\" data-scroll-wheel=\"no\" data-height=\"390\" data-snazzy-map-style=\"yes\"><\/div>\n\t\t\t\t\t<input type=\"hidden\" class=\"eltdf-snazzy-map\" value=\"`{`&lt;br&gt;{&lt;br&gt;&ldquo;featureType&ldquo;: &ldquo;administrative&ldquo;,&lt;br&gt;&ldquo;elementType&ldquo;: &ldquo;all&ldquo;,&lt;br&gt;&ldquo;stylers&ldquo;: `{`&lt;br&gt;{&lt;br&gt;&ldquo;saturation&ldquo;: &ldquo;-100&ldquo;&lt;br&gt;}&lt;br&gt;`}`&lt;br&gt;},&lt;br&gt;{&lt;br&gt;&ldquo;featureType&ldquo;: &ldquo;administrative.province&ldquo;,&lt;br&gt;&ldquo;elementType&ldquo;: &ldquo;all&ldquo;,&lt;br&gt;&ldquo;stylers&ldquo;: `{`&lt;br&gt;{&lt;br&gt;&ldquo;visibility&ldquo;: &ldquo;off&ldquo;&lt;br&gt;}&lt;br&gt;`}`&lt;br&gt;},&lt;br&gt;{&lt;br&gt;&ldquo;featureType&ldquo;: &ldquo;landscape&ldquo;,&lt;br&gt;&ldquo;elementType&ldquo;: &ldquo;all&ldquo;,&lt;br&gt;&ldquo;stylers&ldquo;: `{`&lt;br&gt;{&lt;br&gt;&ldquo;saturation&ldquo;: -100&lt;br&gt;},&lt;br&gt;{&lt;br&gt;&ldquo;lightness&ldquo;: 65&lt;br&gt;},&lt;br&gt;{&lt;br&gt;&ldquo;visibility&ldquo;: &ldquo;on&ldquo;&lt;br&gt;}&lt;br&gt;`}`&lt;br&gt;},&lt;br&gt;{&lt;br&gt;&ldquo;featureType&ldquo;: &ldquo;poi&ldquo;,&lt;br&gt;&ldquo;elementType&ldquo;: &ldquo;all&ldquo;,&lt;br&gt;&ldquo;stylers&ldquo;: `{`&lt;br&gt;{&lt;br&gt;&ldquo;saturation&ldquo;: -100&lt;br&gt;},&lt;br&gt;{&lt;br&gt;&ldquo;lightness&ldquo;: &ldquo;50&ldquo;&lt;br&gt;},&lt;br&gt;{&lt;br&gt;&ldquo;visibility&ldquo;: &ldquo;simplified&ldquo;&lt;br&gt;}&lt;br&gt;`}`&lt;br&gt;},&lt;br&gt;{&lt;br&gt;&ldquo;featureType&ldquo;: &ldquo;road&ldquo;,&lt;br&gt;&ldquo;elementType&ldquo;: &ldquo;all&ldquo;,&lt;br&gt;&ldquo;stylers&ldquo;: `{`&lt;br&gt;{&lt;br&gt;&ldquo;saturation&ldquo;: &ldquo;-100&ldquo;&lt;br&gt;}&lt;br&gt;`}`&lt;br&gt;},&lt;br&gt;{&lt;br&gt;&ldquo;featureType&ldquo;: &ldquo;road.highway&ldquo;,&lt;br&gt;&ldquo;elementType&ldquo;: &ldquo;all&ldquo;,&lt;br&gt;&ldquo;stylers&ldquo;: `{`&lt;br&gt;{&lt;br&gt;&ldquo;visibility&ldquo;: &ldquo;simplified&ldquo;&lt;br&gt;}&lt;br&gt;`}`&lt;br&gt;},&lt;br&gt;{&lt;br&gt;&ldquo;featureType&ldquo;: &ldquo;road.arterial&ldquo;,&lt;br&gt;&ldquo;elementType&ldquo;: &ldquo;all&ldquo;,&lt;br&gt;&ldquo;stylers&ldquo;: `{`&lt;br&gt;{&lt;br&gt;&ldquo;lightness&ldquo;: &ldquo;30&ldquo;&lt;br&gt;}&lt;br&gt;`}`&lt;br&gt;},&lt;br&gt;{&lt;br&gt;&ldquo;featureType&ldquo;: &ldquo;road.local&ldquo;,&lt;br&gt;&ldquo;elementType&ldquo;: &ldquo;all&ldquo;,&lt;br&gt;&ldquo;stylers&ldquo;: `{`&lt;br&gt;{&lt;br&gt;&ldquo;lightness&ldquo;: &ldquo;40&ldquo;&lt;br&gt;}&lt;br&gt;`}`&lt;br&gt;},&lt;br&gt;{&lt;br&gt;&ldquo;featureType&ldquo;: &ldquo;transit&ldquo;,&lt;br&gt;&ldquo;elementType&ldquo;: &ldquo;all&ldquo;,&lt;br&gt;&ldquo;stylers&ldquo;: `{`&lt;br&gt;{&lt;br&gt;&ldquo;saturation&ldquo;: -100&lt;br&gt;},&lt;br&gt;{&lt;br&gt;&ldquo;visibility&ldquo;: &ldquo;simplified&ldquo;&lt;br&gt;}&lt;br&gt;`}`&lt;br&gt;},&lt;br&gt;{&lt;br&gt;&ldquo;featureType&ldquo;: &ldquo;water&ldquo;,&lt;br&gt;&ldquo;elementType&ldquo;: &ldquo;geometry&ldquo;,&lt;br&gt;&ldquo;stylers&ldquo;: `{`&lt;br&gt;{&lt;br&gt;&ldquo;hue&ldquo;: &ldquo;#ffff00&ldquo;&lt;br&gt;},&lt;br&gt;{&lt;br&gt;&ldquo;lightness&ldquo;: -25&lt;br&gt;},&lt;br&gt;{&lt;br&gt;&ldquo;saturation&ldquo;: -97&lt;br&gt;}&lt;br&gt;`}`&lt;br&gt;},&lt;br&gt;{&lt;br&gt;&ldquo;featureType&ldquo;: &ldquo;water&ldquo;,&lt;br&gt;&ldquo;elementType&ldquo;: &ldquo;labels&ldquo;,&lt;br&gt;&ldquo;stylers&ldquo;: `{`&lt;br&gt;{&lt;br&gt;&ldquo;lightness&ldquo;: -25&lt;br&gt;},&lt;br&gt;{&lt;br&gt;&ldquo;saturation&ldquo;: -100&lt;br&gt;}&lt;br&gt;`}`&lt;br&gt;}&lt;br&gt;`}`&rdquo;\/&gt;\t\t\t\t&lt;div class=\" eltdf-google-map-overlay><\/div>\n\t<\/div>\n<\/div><\/div><\/div><\/div><\/div><\/div><div class=\"eltdf-row-grid-section-wrapper\"><div class=\"eltdf-row-grid-section\"><div class=\"vc_row wpb_row vc_row-fluid vc_custom_1576852110670\"><div class=\"wpb_column vc_column_container vc_col-sm-12 vc_col-lg-6 vc_col-md-12 vc_col-xs-12\"><div class=\"vc_column-inner\"><div class=\"wpb_wrapper\"><div class=\"eltdf-elements-holder   eltdf-one-column  eltdf-responsive-mode-768\"><div class=\"eltdf-eh-item\" data-item-class=\"eltdf-eh-custom-4194\" data-1025-1399=\"0 8% 70px 0%\" data-681-768=\"0 15% 70px 0%\" data-680=\"0 4% 70px 0%\">\n\t<div class=\"eltdf-eh-item-inner\">\n\t\t<div class=\"eltdf-eh-item-content eltdf-eh-custom-4194\" style=\"padding: 0 21% 70px 0%\">\n\t\t\t<div class=\"eltdf-section-title-holder\">\n\t<div class=\"eltdf-st-inner\">\n\t\t\t\t\t\t\t<h1 class=\"eltdf-st-title\">\n\t\t\t\tKontakta oss\t\t\t\t\t\t\t<\/h1>\n\t\t\t\t\t\t\t<h3 class=\"eltdf-st-subtitle\" style=\"line-height: 27px;margin-top: 11px;text-transform: none;font-style: italic;color: #84847c\">\n\t\t\t\t<span>\n\t\t\t\t\tIf you share the most special day of your life with us, we will be there right by your side making sure that this day will last forever.\t\t\t\t\t\t\t\t\t<\/span>\n\t\t\t<\/h3>\n\t\t\t\t\t\t\t<p class=\"eltdf-st-text\" style=\"margin-top: 21px\">\n\t\t\t\t\nDo you want to get in touch? Let?s chat.<br>\nNu n\u00e4r du har tittat igenom v\u00e5r hemsida och instagramkonto kanske du k\u00e4nner att du skulle vilja prata p\u00e5 en mer personlig niv\u00e5 med oss.\nVi ser fram emot att l\u00e4ra k\u00e4nna dig och f\u00e5 vara en del av denna fantastiska dag. Tillsammans kommer vi att prata om hur man g\u00f6r denna dag unik, hisnande och en dag du aldrig kommer att gl\u00f6mma.\nKontakta oss g\u00e4rna via mejl, telefon eller sociala medier.\n\t\t\t<\/p>\n\t\t\t\t\t<\/div>\n<\/div>\t\t<\/div>\n\t<\/div>\n<\/div><\/div><div class=\"eltdf-single-image-holder\">\n    <div class=\"eltdf-si-inner\">\n                                                            <\/div>\n<\/div><img loading=\"lazy\" src=\"https:\/\/i2.wp.com\/aiarmoniaphotography.com\/wp-content\/uploads\/2022\/05\/DSC_2366.jpg?resize=768%2C768\" alt=\"Wedding Germany\" width=\"768\" height=\"768\" class=\"alignnone size-medium wp-image-6656\" data-recalc-dims=\"1\" srcset=\"https:\/\/i2.wp.com\/aiarmoniaphotography.com\/wp-content\/uploads\/2022\/05\/DSC_2366.jpg?resize=150%2C150&amp;ssl=1 150w, https:\/\/i2.wp.com\/aiarmoniaphotography.com\/wp-content\/uploads\/2022\/05\/DSC_2366.jpg?resize=650%2C650&amp;ssl=1 650w\" sizes=\"(max-width: 768px) 100vw, 768px\"><\/div><\/div><\/div><div class=\"wpb_column vc_column_container vc_col-sm-12 vc_col-lg-6 vc_col-md-12 vc_col-xs-12\"><div class=\"vc_column-inner\"><div class=\"wpb_wrapper\"><div role=\"form\" class=\"wpcf7\" id=\"wpcf7-f5703-o1\" lang=\"en-US\" dir=\"ltr\">\n<div class=\"screen-reader-response\"><p role=\"status\" aria-live=\"polite\" aria-atomic=\"true\"><\/p> <ul><\/ul><\/div>\n<form action=\"\/se\/wp-json\/wp\/v2\/pages\/1229#wpcf7-f5703-o1\" method=\"post\" class=\"wpcf7-form init\" novalidate=\"novalidate\" data-status=\"init\" data-trp-original-action=\"\/se\/wp-json\/wp\/v2\/pages\/1229#wpcf7-f5703-o1\">\n<div style=\"display: none;\">\n<input type=\"hidden\" name=\"_wpcf7\" value=\"5703\">\n<input type=\"hidden\" name=\"_wpcf7_version\" value=\"5.5.6\">\n<input type=\"hidden\" name=\"_wpcf7_locale\" value=\"en_US\">\n<input type=\"hidden\" name=\"_wpcf7_unit_tag\" value=\"wpcf7-f5703-o1\">\n<input type=\"hidden\" name=\"_wpcf7_container_post\" value=\"0\">\n<input type=\"hidden\" name=\"_wpcf7_posted_data_hash\" value=\"\">\n<input type=\"hidden\" name=\"_wpcf7_recaptcha_response\" value=\"\">\n<\/div>\n<p><label> Ditt namn<br>\n    <span class=\"wpcf7-form-control-wrap your-name\"><input type=\"text\" name=\"your-name\" value=\"\" size=\"40\" class=\"wpcf7-form-control wpcf7-text wpcf7-validates-as-required\" aria-required=\"true\" aria-invalid=\"false\"><\/span> <\/label><\/p>\n<p><label> Din email<br>\n    <span class=\"wpcf7-form-control-wrap your-email\"><input type=\"email\" name=\"your-email\" value=\"\" size=\"40\" class=\"wpcf7-form-control wpcf7-text wpcf7-email wpcf7-validates-as-required wpcf7-validates-as-email\" aria-required=\"true\" aria-invalid=\"false\"><\/span> <\/label><\/p>\n<p><label> \u00c4mne<br>\n    <span class=\"wpcf7-form-control-wrap your-subject\"><input type=\"text\" name=\"your-subject\" value=\"\" size=\"40\" class=\"wpcf7-form-control wpcf7-text wpcf7-validates-as-required\" aria-required=\"true\" aria-invalid=\"false\"><\/span> <\/label><\/p>\n<p><label> Ditt meddelande (valfritt)<br>\n    <span class=\"wpcf7-form-control-wrap your-message\"><textarea name=\"your-message\" cols=\"40\" rows=\"10\" class=\"wpcf7-form-control wpcf7-textarea\" aria-invalid=\"false\"><\/textarea><\/span> <\/label><\/p>\n<p><button type=\"submit\" class=\"wpcf7-form-control wpcf7-submit eltdf-btn eltdf-btn-large eltdf-btn-solid\"><span class=\"eltdf-btn-text\">Skicka in<\/span><\/button><\/p>\n<div class=\"wpcf7-response-output\" aria-hidden=\"true\"><\/div><input type=\"hidden\" name=\"trp-form-language\" value=\"se\"\/><\/form><\/div><div class=\"vc_empty_space\" style=\"height: 67px\"><span class=\"vc_empty_space_inner\"><\/span><\/div><div class=\"eltdf-section-title-holder\" style=\"text-align: left\">\n\t<div class=\"eltdf-st-inner\">\n\t\t\t\t\t\t\t<h3 class=\"eltdf-st-title\" style=\"color: #4d504a\">\n\t\t\t\tEmail\t\t\t\t\t\t\t<\/h3>\n\t\t\t\t\t\t\t<h4 class=\"eltdf-st-subtitle\" style=\"text-transform: none;color: #84847c\">\n\t\t\t\t<span>\n\t\t\t\t\tinfo@aiarmoniaphotography.com\t\t\t\t\t\t\t\t\t\t\t<a class=\"eltdf-st-subtitle-link\" href=\"mailto:info@aiarmoniaphotography.com\" target=\"_blank\"><\/a>\n\t\t\t\t\t\t\t\t\t<\/span>\n\t\t\t<\/h4>\n\t\t\t\t\t\t\t<\/div>\n<\/div><div class=\"vc_empty_space\" style=\"height: 20px\"><span class=\"vc_empty_space_inner\"><\/span><\/div><div class=\"eltdf-section-title-holder\" style=\"text-align: left\">\n\t<div class=\"eltdf-st-inner\">\n\t\t\t\t\t\t\t<h3 class=\"eltdf-st-title\" style=\"color: #4d504a\">\n\t\t\t\tAddress\t\t\t\t\t\t\t<\/h3>\n\t\t\t\t\t\t\t<h4 class=\"eltdf-st-subtitle\" style=\"text-transform: none;color: #84847c\">\n\t\t\t\t<span>\n\t\t\t\t\tUppsala, Sverige\t\t\t\t\t\t\t\t\t\t\t<a class=\"eltdf-st-subtitle-link\" href=\"https:\/\/www.google.com\/maps\/place\/Uniqlo+Soho\/@40.7190772,-74.001693,16z\/data=!4m13!1m7!3m6!1s0x89c24fa5d33f083b:0xc80b8f06e177fe62!2sNew+York,+NY,+USA!3b1!8m2!3d40.7127753!4d-74.0059728!3m4!1s0x89c2598edb6242d3:0x4ae291a9ff31e800!8m2!3d40.7234983!4d-73.9982012\" target=\"_blank\"><\/a>\n\t\t\t\t\t\t\t\t\t<\/span>\n\t\t\t<\/h4>\n\t\t\t\t\t\t\t<\/div>\n<\/div><div class=\"vc_empty_space\" style=\"height: 20px\"><span class=\"vc_empty_space_inner\"><\/span><\/div><div class=\"eltdf-section-title-holder\" style=\"text-align: left\">\n\t<div class=\"eltdf-st-inner\">\n\t\t\t\t\t\t\t<h3 class=\"eltdf-st-title\" style=\"color: #4d504a\">\n\t\t\t\tring oss\t\t\t\t\t\t\t<\/h3>\n\t\t\t\t\t\t\t<h4 class=\"eltdf-st-subtitle\" style=\"text-transform: none;color: #84847c\">\n\t\t\t\t<span>\n\t\t\t\t\t+(46) 704019135\t\t\t\t\t\t\t\t\t\t\t<a class=\"eltdf-st-subtitle-link\" href=\"tel:123456789045678\" target=\"_self\"><\/a>\n\t\t\t\t\t\t\t\t\t<\/span>\n\t\t\t<\/h4>\n\t\t\t\t\t\t\t<\/div>\n<\/div><div class=\"vc_empty_space\" style=\"height: 20px\"><span class=\"vc_empty_space_inner\"><\/span><\/div><div class=\"eltdf-section-title-holder\" style=\"text-align: left\">\n\t<div class=\"eltdf-st-inner\">\n\t\t\t\t\t\t\t<h3 class=\"eltdf-st-title\" style=\"color: #4d504a\">\n\t\t\t\tF\u00f6lj\t\t\t\t\t\t\t<\/h3>\n\t\t\t\t\t\t\t<h4 class=\"eltdf-st-subtitle\" style=\"text-transform: none;color: #84847c\">\n\t\t\t\t<span>\n\t\t\t\t\t@ aiarmoniaphotography\t\t\t\t\t\t\t\t\t\t\t<a class=\"eltdf-st-subtitle-link\" href=\"https:\/\/www.instagram.com\/aiarmoniaphotography\/?hl=en\" target=\"_blank\"><\/a>\n\t\t\t\t\t\t\t\t\t<\/span>\n\t\t\t<\/h4>\n\t\t\t\t\t\t\t<\/div>\n<\/div><div class=\"vc_empty_space\" style=\"height: 80px\"><span class=\"vc_empty_space_inner\"><\/span><\/div><\/div><\/div><\/div><\/div><\/div><\/div><div class=\"eltdf-row-grid-section-wrapper eltdf-content-aligment-center\"><div class=\"eltdf-row-grid-section\"><div class=\"vc_row wpb_row vc_row-fluid vc_custom_1576852352585\"><div class=\"wpb_column vc_column_container vc_col-sm-12\"><div class=\"vc_column-inner\"><div class=\"wpb_wrapper\"><div class=\"eltdf-section-title-holder\">\n\t<div class=\"eltdf-st-inner\">\n\t\t\t\t\t\t\t<h2 class=\"eltdf-st-title\">\n\t\t\t\tF\u00f6lj oss p\u00e5 Instagram\t\t\t\t\t\t\t<\/h2>\n\t\t\t\t\t\t\t<h3 class=\"eltdf-st-subtitle\" style=\"text-transform: none;font-style: italic;color: #84847c\">\n\t\t\t\t<span>\n\t\t\t\t\t@ My_wedding_day\t\t\t\t\t\t\t\t\t<\/span>\n\t\t\t<\/h3>\n\t\t\t\t\t\t\t<\/div>\n<\/div><\/div><\/div><\/div><\/div><\/div><\/div><div class=\"vc_row wpb_row vc_row-fluid\"><div class=\"wpb_column vc_column_container vc_col-sm-12\"><div class=\"vc_column-inner\"><div class=\"wpb_wrapper\"><div class=\"eltdf-elements-holder   eltdf-one-column  eltdf-responsive-mode-768\"><div class=\"eltdf-eh-item\" style=\"background-image: url(https:\/\/aiarmoniaphotography.com\/wp-content\/uploads\/2019\/11\/insta-bckgr-img.jpg)\" data-item-class=\"eltdf-eh-custom-6152\">\n\t<div class=\"eltdf-eh-item-inner\">\n\t\t<div class=\"eltdf-eh-item-content eltdf-eh-custom-6152\" style=\"padding: 0 9.5%\">\n\t\t\t<div class=\"eltdf-instagram-list-holder eltdf-grid-list eltdf-six-columns eltdf-large-space\">\n            <div class=\"eltdf-instagram-not-connected\">\n            It seems that you haven't connected with your Instagram account        <\/div>\n    <\/div>\n\t\t<\/div>\n\t<\/div>\n<\/div><\/div><\/div><\/div><\/div><\/div>\t\t\t\t\t\t<\/div>\n\t\t\t\t<\/div>\n\t\t\t\t\t<\/div>\n\t\t<\/div>\n\t\t\t\t\t\t\t<\/section><\/div>","protected":false},"excerpt":{"rendered":"<p>Contact Us If you share the most special day of your life with us, we will be there right by your side making sure that this day will last forever. Do you want to get in touch? Let?s chat. Now that you have looked through our website and instagram account perhaps you feel that you would like [...]<\/p>","protected":false},"author":1,"featured_media":0,"parent":0,"menu_order":0,"comment_status":"closed","ping_status":"closed","template":"full-width.php","meta":{"spay_email":""},"_links":{"self":[{"href":"https:\/\/aiarmoniaphotography.com\/se\/wp-json\/wp\/v2\/pages\/1229"}],"collection":[{"href":"https:\/\/aiarmoniaphotography.com\/se\/wp-json\/wp\/v2\/pages"}],"about":[{"href":"https:\/\/aiarmoniaphotography.com\/se\/wp-json\/wp\/v2\/types\/page"}],"author":[{"embeddable":true,"href":"https:\/\/aiarmoniaphotography.com\/se\/wp-json\/wp\/v2\/users\/1"}],"replies":[{"embeddable":true,"href":"https:\/\/aiarmoniaphotography.com\/se\/wp-json\/wp\/v2\/comments?post=1229"}],"version-history":[{"count":139,"href":"https:\/\/aiarmoniaphotography.com\/se\/wp-json\/wp\/v2\/pages\/1229\/revisions"}],"predecessor-version":[{"id":7143,"href":"https:\/\/aiarmoniaphotography.com\/se\/wp-json\/wp\/v2\/pages\/1229\/revisions\/7143"}],"wp:attachment":[{"href":"https:\/\/aiarmoniaphotography.com\/se\/wp-json\/wp\/v2\/media?parent=1229"}],"curies":[{"name":"wp","href":"https:\/\/api.w.org\/{rel}","templated":true}]}}